{"id":11128,"date":"2025-05-20T12:09:50","date_gmt":"2025-05-20T04:09:50","guid":{"rendered":"https:\/\/terroirsense.com\/?page_id=11128"},"modified":"2025-05-20T18:14:44","modified_gmt":"2025-05-20T10:14:44","slug":"international-terroir-symposium","status":"publish","type":"page","link":"https:\/\/terroirsense.com\/zh\/international-terroir-symposium","title":{"rendered":"(English) List of Participating Wineries and Supports of the International Terroir Symposium"},"content":{"rendered":"<p class=\"qtranxs-available-languages-message qtranxs-available-languages-message-zh\">\u5bf9\u4e0d\u8d77\u8fd9\u7bc7\u6587\u7ae0\u6ca1\u6709\u4e2d\u6587\u7248\uff0c\u5176\u4ed6\u8bed\u8a00\u7248\u672c\u8bf7\u89c1<a href=\"https:\/\/terroirsense.com\/en\/wp-json\/wp\/v2\/pages\/11128\" class=\"qtranxs-available-language-link qtranxs-available-language-link-en\" title=\"English\">English<\/a>\u3002 For the sake of viewer convenience, the content is shown below in the alternative language. You may click the link to switch the active language.<\/p><p><\/p>\n<p class=\"text-build-content\"><strong>About the International Terroir Symposium<\/strong><\/p>\n<p class=\"text-build-content\"><strong>TasteSpirit<\/strong> is China&#8217;s top 1 media and education provider on terroir wine culture (10 million unique visitors each year and 1.6 million social media followers).<\/p>\n<p class=\"text-build-content\">Launched in 2015 by TasteSpirit and co-organized, supported by the Association Internationale des Terroirs (A.I.T), the Symposium has grown into China\u2019s most influential and prestigious platform dedicated to defending terroir cause and promoting terroir wine culture. With the esteemed support of numerous leading producers from renowned wine regions, it has earned its reputation as an unparalleled gathering for the exchange of ideas and expertise in the world of fine wine. It has established its unique positioning for the highly positive effect in boosting the reputation of terroir wineries.<\/p>\n<p class=\"text-build-content\"><strong>The Symposium in the past 10 years from 2015 to 2024<\/strong><\/p>\n<p>500+ eminent vignerons and industry experts.<\/p>\n<p>1200+ top-tier estates from around twenty countries.<\/p>\n<p>100000+ bottles of premium terroir wines served.<\/p>\n<p>50000+ wine professionals attending masterclasses and grand tastings.<\/p>\n<p>85+ million people watched the coverage on the events from CCTV, the China Central Television and other influential media<\/p>\n<p class=\"text-build-content\">The previous presence of numerous key figures in the world of terroir wines proves that the International Terroir Symposium is regarded as one of the most prestigious events in the wine world. They are the best witnesses to the value of this great event:<\/p>\n<p class=\"text-build-content\"><strong>France<\/strong><\/p>\n<p class=\"text-build-content\">Alain Moueix (Ch\u00e2teau Fonroque)<\/p>\n<p class=\"text-build-content\">Alexandre Abel &amp; William Jacquin-Ponsot (Domaine Ponsot)<\/p>\n<p class=\"text-build-content\">Aubert de Villaine (Domaine de la Roman\u00e9e-Conti)<\/p>\n<p class=\"text-build-content\">Aur\u00e9lie Cheveau (Domaine Cheveau)<\/p>\n<p class=\"text-build-content\">Bernard Bouvier (Domaine Ren\u00e9 Bouvier)<\/p>\n<p class=\"text-build-content\">Bernard Hervet (Domaine Faiveley)<\/p>\n<p class=\"text-build-content\">Bruno Clavelier (Domaine Bruno Clavelier)<\/p>\n<p class=\"text-build-content\">Christine Vernay (Domaine Georges Vernay)<\/p>\n<p class=\"text-build-content\">Claude Muzard (Domaine Lucien Muzard &amp; Fils)<\/p>\n<p class=\"text-build-content\">Cyprien Arlaud (Domaine Arlaud)<\/p>\n<p class=\"text-build-content\">Edouard Labet (Ch\u00e2teau de la Tour, Domaine Pierre Labet)<\/p>\n<p class=\"text-build-content\">Erwan Faiveley (Domaine Faiveley)<\/p>\n<p class=\"text-build-content\">Guillaume Rouget (Domaine Rouget)<\/p>\n<p class=\"text-build-content\">Gr\u00e9goire Gouges (Domaine Henri Gouges)<\/p>\n<p class=\"text-build-content\">Herv\u00e9 Dantan (Champagne Lanson)<\/p>\n<p class=\"text-build-content\">Jean Boxler (Domaine Albert Boxler)<\/p>\n<p class=\"text-build-content\">Jean-Claude Berrouet (Ch\u00e2teau P\u00e9trus)<\/p>\n<p class=\"text-build-content\">Jean Lupatelli (Domaine Comte de Vog\u00fc\u00e9)<\/p>\n<p class=\"text-build-content\">Jean-Michel Chartron (Domaine Jean Chartron)<\/p>\n<p class=\"text-build-content\">Jean-Jacques Bonnie (Ch\u00e2teau Malartic-Lagravi\u00e8re)<\/p>\n<p class=\"text-build-content\">Jean-Nicolas M\u00e9o (Domaine M\u00e9o-Camuzet)<\/p>\n<p class=\"text-build-content\">Jeremy Seysses (Domaine Dujac)<\/p>\n<p class=\"text-build-content\">J\u00e9r\u00f4me Moitry (Ch\u00e2teau Climens)<\/p>\n<p class=\"text-build-content\">Julien Trimbach (Maison Trimbach)<\/p>\n<p class=\"text-build-content\">Koji Nakata (Lou Dumont)<\/p>\n<p class=\"text-build-content\">Laurent Delaunay (Maison Edouard Delaunay)<\/p>\n<p class=\"text-build-content\">Lo\u00efc Dugat (Domaine Dugat-Py)<\/p>\n<p class=\"text-build-content\">Matthieu Bordes (Ch\u00e2teau Lagrange)<\/p>\n<p class=\"text-build-content\">Michel Chapoutier (Maison M. Chapoutier)<\/p>\n<p class=\"text-build-content\">Nadine Gublin (Domaine Jacques Prieur)<\/p>\n<p class=\"text-build-content\">Patrick Baudouin (Domaine Patrick Baudouin)<\/p>\n<p class=\"text-build-content\">Philippe Bascaules (Ch\u00e2teau Margaux)<\/p>\n<p class=\"text-build-content\">Philippe Dhalluin (Ch\u00e2teau Mouton Rothschild)<\/p>\n<p class=\"text-build-content\">Philippe Duvernay &amp; Laura Coffinet (Domaine Coffinet-Duvernay)<\/p>\n<p class=\"text-build-content\">Philippe Guigal (E. Guigal)<\/p>\n<p class=\"text-build-content\">Pierre de Benoist (Domaine de Villaine)<\/p>\n<p class=\"text-build-content\">Pierre-Henry Gagey (Maison Louis Jadot)<\/p>\n<p class=\"text-build-content\">Thomas Duroux (Ch\u00e2teau Palmer)<\/p>\n<p class=\"text-build-content\">V\u00e9ronique Sanders (Ch\u00e2teau Haut-Bailly)<\/p>\n<p class=\"text-build-content\">Philippe Cast\u00e9ja (Ch\u00e2teau Batailley)<\/p>\n<p class=\"text-build-content\">St\u00e9phane Derenoncourt (Domaine l\u2019A)<\/p>\n<p class=\"text-build-content\"><strong>Italy<\/strong><\/p>\n<p class=\"text-build-content\">Achille Boroli (Boroli)<\/p>\n<p class=\"text-build-content\">Alessandro Bindocci (Il Poggione)<\/p>\n<p class=\"text-build-content\">Gerardo Gondi (Marchesi Gondi)<\/p>\n<p class=\"text-build-content\">Giovanni Gaja (Gaja)<\/p>\n<p class=\"text-build-content\">Giampiero Bertolini &amp; Federico Radi (Biondi Santi)<\/p>\n<p class=\"text-build-content\">Michele Dal Forno (Dal Forno Romano)<\/p>\n<p class=\"text-build-content\">Roberto Guerrini Fuligni (Fuligni)<\/p>\n<p class=\"text-build-content\">Pasquale Forte (Podere Forte)<\/p>\n<p class=\"text-build-content\">Priscilla Incisa della Rocchetta (Sassicaia)<\/p>\n<p class=\"text-build-content\">Sabrina Tedeschi (Tedeschi)<\/p>\n<p class=\"text-build-content\">Stefano Gagliardo (Gianni Gagliardo)<\/p>\n<p class=\"text-build-content\">Valter Fissore (Elvio Cogno)<\/p>\n<p class=\"text-build-content\"><strong>Spain<\/strong><\/p>\n<p class=\"text-build-content\">Alvaro Palacios (Alvaro Palacios)<\/p>\n<p class=\"text-build-content\">Peter Sisseck (Dominio de Pingus)<\/p>\n<p class=\"text-build-content\"><strong>Germany<\/strong><\/p>\n<p class=\"text-build-content\">Ernst Loosen (Dr. Loosen)<\/p>\n<p class=\"text-build-content\">Edel Ziereisen (Ziereisen)<\/p>\n<p class=\"text-build-content\"><strong>Austria<\/strong><\/p>\n<p class=\"text-build-content\">Fred Loimer (Fred Loimer)<\/p>\n<p class=\"text-build-content\"><strong>USA<\/strong><\/p>\n<p class=\"text-build-content\">Scott Becker &amp; Meaghan Becker (Realm Cellars)<\/p>\n<p class=\"text-build-content\">Ivo Jeramaz (Grgich Hills Estate)<\/p>\n<p class=\"text-build-content\"><strong>Australia<\/strong><\/p>\n<p class=\"text-build-content\">Ben Portet, 10th generation winemaker of Dominique Portet<\/p>\n<p class=\"text-build-content\">John Duval, Owner and Winemaker, John Duval Winery,<\/p>\n<p class=\"text-build-content\"><strong>New Zealand<\/strong><\/p>\n<p class=\"text-build-content\">Helen Masters (Ata Rangi)<\/p>\n<p class=\"text-build-content\">Michael Brajkovich (Kumeu River)<\/p>\n<p class=\"text-build-content\">Nigel Greening &amp; Blair Walter (Felton Road)<\/p>\n<p class=\"text-build-content\"><strong>Switzerland<\/strong><\/p>\n<p class=\"text-build-content\">Paolo Basso (Paolo Basso Wine)<\/p>\n<p><strong>China<\/strong><\/p>\n<p>Louis Pierre Marie Perromat (Ao Yun)<\/p>\n<p>Liu Cifu (Ch\u00e2teau Mihope)<\/p>\n<p>Charles Treutenaere (Domaine de Long Dai)<\/p>\n<p>Zhao Desheng (Domaine Franco-Chinois)<\/p>\n<p>Zhang Yanli (Fei-Twsei)<\/p>\n<p>Zhang Jing (Helan Qingxue Vineyard)<\/p>\n<p>Song Yan (Longting Vineyard)<\/p>\n<p>Bertrand Cristau (Xiaoling Estate)<\/p>\n<p>Zhang Yanzhi (Xige Estate)<\/p>\n<p class=\"text-build-content\"><strong>Experts &amp; Officials<\/strong><\/p>\n<p class=\"text-build-content\">Bernard Burtschy<\/p>\n<p class=\"text-build-content\">Bernard Hervet<\/p>\n<p class=\"text-build-content\">Gabriel Lepousez<\/p>\n<p class=\"text-build-content\">G\u00e9rard Ferri\u00e8re<\/p>\n<p class=\"text-build-content\">Laurent Vialette<\/p>\n<p class=\"text-build-content\">Linhai HAO<\/p>\n<p class=\"text-build-content\">Marc-Andr\u00e9 Selosse<\/p>\n<p class=\"text-build-content\">Olivier de Cayron<\/p>\n<p class=\"text-build-content\">Sylvain Naulin<\/p>\n<p class=\"text-build-content\">Wilhelm Klinger<\/p>\n<p class=\"text-build-content\">Yann Juban<\/p>\n<p class=\"text-build-content\">etc.<\/p>\n<p><\/p>","protected":false},"excerpt":{"rendered":"<p>\u5bf9\u4e0d\u8d77\u8fd9\u7bc7\u6587\u7ae0\u6ca1\u6709\u4e2d\u6587\u7248\uff0c\u5176\u4ed6\u8bed\u8a00\u7248\u672c\u8bf7\u89c1English\u3002 For the sake of viewer co [&hellip;]<\/p>\n","protected":false},"author":2,"featured_media":0,"parent":0,"menu_order":0,"comment_status":"closed","ping_status":"closed","template":"","meta":{"_acf_changed":false,"pmpro_default_level":"","footnotes":"","_wp_rev_ctl_limit":""},"class_list":["post-11128","page","type-page","status-publish","hentry","pmpro-has-access"],"acf":[],"_links":{"self":[{"href":"https:\/\/terroirsense.com\/zh\/wp-json\/wp\/v2\/pages\/11128","targetHints":{"allow":["GET"]}}],"collection":[{"href":"https:\/\/terroirsense.com\/zh\/wp-json\/wp\/v2\/pages"}],"about":[{"href":"https:\/\/terroirsense.com\/zh\/wp-json\/wp\/v2\/types\/page"}],"author":[{"embeddable":true,"href":"https:\/\/terroirsense.com\/zh\/wp-json\/wp\/v2\/users\/2"}],"replies":[{"embeddable":true,"href":"https:\/\/terroirsense.com\/zh\/wp-json\/wp\/v2\/comments?post=11128"}],"version-history":[{"count":0,"href":"https:\/\/terroirsense.com\/zh\/wp-json\/wp\/v2\/pages\/11128\/revisions"}],"wp:attachment":[{"href":"https:\/\/terroirsense.com\/zh\/wp-json\/wp\/v2\/media?parent=11128"}],"curies":[{"name":"wp","href":"https:\/\/api.w.org\/{rel}","templated":true}]}}